{"id":2404,"date":"2020-01-20T22:05:07","date_gmt":"2020-01-21T03:05:07","guid":{"rendered":"https:\/\/grandmotors.ca\/?page_id=2404"},"modified":"2023-06-25T21:54:00","modified_gmt":"2023-06-26T01:54:00","slug":"a-propos","status":"publish","type":"page","link":"https:\/\/grandmotors.ca\/fr\/a-propos\/","title":{"rendered":"<span class=\"light\">\u00c0<\/span> propos"},"content":{"rendered":"\r\n<div class=\"wp-block-image\">\r\n<figure class=\"alignright\"><img loading=\"lazy\" decoding=\"async\" width=\"433\" height=\"145\" class=\"wp-image-1698\" src=\"https:\/\/grandmotors.ca\/wp-content\/uploads\/2019\/10\/grand-motors-logo.png\" alt=\"\" \/><\/figure>\r\n<\/div>\r\n\r\n\r\n\r\n<p>Grand Motors a \u00e9t\u00e9 \u00e9tabli \u00e0 Montr\u00e9al en 1957 et continue de servir sa client\u00e8le depuis sa cr\u00e9ation. Tout au long de ses 52 ann\u00e9es de service, diverses transformations comme la r\u00e9paration de camions et la division des collisions ont \u00e9t\u00e9 incluses dans les services automobiles existants.<\/p>\r\n\r\n\r\n\r\n<p>En 1996, Phil Richards est devenu propri\u00e9taire et a maintenu le service \u00e0 la client\u00e8le sup\u00e9rieur offert depuis l&rsquo;induction. Grand Motors est fier d\u2019offrir une atmosph\u00e8re conviviale et ax\u00e9e sur la client\u00e8le. Plusieurs de nos clients visitent souvent le garage pour nous saluer \u00e0 l\u2019ext\u00e9rieur des leurs visites de maintenance r\u00e9guli\u00e8res de leur v\u00e9hicule. \u00abLe service est notre affaire\u00bb dit le propri\u00e9taire Phil Richards. \u00ab\u00a0Nous offrons une qualit\u00e9, un service fiable et des prix imbattables. Nos techniciens qualifi\u00e9s utilisent des \u00e9quipements modernes, des outils et des pi\u00e8ces de rechange. Nous accomplissons le travail.\u00a0\u00bb Grand Motors a r\u00e9cemment ouvert la porte \u00e0 sa nouvelle installation situ\u00e9e au 3015, rue Halpern, \u00e0 Ville Saint-Laurent. L&rsquo;installation enti\u00e8rement r\u00e9nov\u00e9e comprend 5 baies de v\u00e9hicules qui r\u00e9duisent le temps d&rsquo;attente pour les clients.<\/p>\r\n\r\n\r\n\r\n<p>En 2007, Grand Motors a \u00e9galement ajout\u00e9 une nouvelle division \u00e0 son garage appel\u00e9 Fat-Tire, destin\u00e9 \u00e0 r\u00e9pondre aux besoins apr\u00e8s-vente et de performance. Nos techniciens sont \u00e9galement qualifi\u00e9s dans la r\u00e9paration de moto. Notre grand inventaire comprend toutes les grandes marques \u00e0 des prix comp\u00e9titifs avec l&rsquo;installation disponible sur place; vraiment, un guichet unique.<\/p>\r\n\r\n\r\n\r\n<p>Assurez-vous de venir nous voir aujourd&rsquo;hui et de faire r\u00e9parer votre v\u00e9hicule par notre \u00e9quipe.<\/p>\r\n","protected":false},"excerpt":{"rendered":"<p>Grand Motors a \u00e9t\u00e9 \u00e9tabli \u00e0 Montr\u00e9al en 1957 et continue de servir sa client\u00e8le depuis sa cr\u00e9ation. Tout au [&hellip;]<\/p>\n","protected":false},"author":1,"featured_media":0,"parent":0,"menu_order":0,"comment_status":"closed","ping_status":"open","template":"page-no-sidebar.php","meta":{"_coblocks_attr":"","_coblocks_dimensions":"","_coblocks_responsive_height":"","_coblocks_accordion_ie_support":"","footnotes":""},"class_list":["post-2404","page","type-page","status-publish","hentry"],"_links":{"self":[{"href":"https:\/\/grandmotors.ca\/fr\/wp-json\/wp\/v2\/pages\/2404","targetHints":{"allow":["GET"]}}],"collection":[{"href":"https:\/\/grandmotors.ca\/fr\/wp-json\/wp\/v2\/pages"}],"about":[{"href":"https:\/\/grandmotors.ca\/fr\/wp-json\/wp\/v2\/types\/page"}],"author":[{"embeddable":true,"href":"https:\/\/grandmotors.ca\/fr\/wp-json\/wp\/v2\/users\/1"}],"replies":[{"embeddable":true,"href":"https:\/\/grandmotors.ca\/fr\/wp-json\/wp\/v2\/comments?post=2404"}],"version-history":[{"count":2,"href":"https:\/\/grandmotors.ca\/fr\/wp-json\/wp\/v2\/pages\/2404\/revisions"}],"predecessor-version":[{"id":2613,"href":"https:\/\/grandmotors.ca\/fr\/wp-json\/wp\/v2\/pages\/2404\/revisions\/2613"}],"wp:attachment":[{"href":"https:\/\/grandmotors.ca\/fr\/wp-json\/wp\/v2\/media?parent=2404"}],"curies":[{"name":"wp","href":"https:\/\/api.w.org\/{rel}","templated":true}]}}