{"id":2592,"date":"2022-10-20T20:54:13","date_gmt":"2022-10-21T00:54:13","guid":{"rendered":"https:\/\/grandmotors.ca\/disclaimer\/"},"modified":"2022-11-01T15:01:49","modified_gmt":"2022-11-01T19:01:49","slug":"limitation-de-responsabilite","status":"publish","type":"page","link":"https:\/\/grandmotors.ca\/fr\/limitation-de-responsabilite\/","title":{"rendered":"<span class=\"light\">Limitation<\/span> de responsabilit\u00e9"},"content":{"rendered":"<blockquote><p>Notre objectif est d&rsquo;effectuer toutes les r\u00e9parations demand\u00e9es \u00e0 votre enti\u00e8re satisfaction. Toutes les pi\u00e8ces factur\u00e9es par Grand Motors sont neuves ou reconstruites en usine, sauf indication contraire. La Loi sur la consommation du Qu\u00e9bec stipule que toutes les r\u00e9parations sont garanties pendant trois mois ou 5 000 kilom\u00e8tres, selon la premi\u00e8re \u00e9ventualit\u00e9. Grand Motors\/Fat-Tire Sales n&rsquo;est pas responsable des vols, des pertes ou des dommages aux objets laiss\u00e9s dans vos v\u00e9hicules ou sur les lieux.<\/p><\/blockquote>\n","protected":false},"excerpt":{"rendered":"<p>Notre objectif est d&rsquo;effectuer toutes les r\u00e9parations demand\u00e9es \u00e0 votre enti\u00e8re satisfaction. Toutes les pi\u00e8ces factur\u00e9es par Grand Motors sont [&hellip;]<\/p>\n","protected":false},"author":1,"featured_media":0,"parent":0,"menu_order":0,"comment_status":"closed","ping_status":"closed","template":"page-right-sidebar.php","meta":{"_coblocks_attr":"","_coblocks_dimensions":"","_coblocks_responsive_height":"","_coblocks_accordion_ie_support":"","footnotes":""},"class_list":["post-2592","page","type-page","status-publish","hentry"],"_links":{"self":[{"href":"https:\/\/grandmotors.ca\/fr\/wp-json\/wp\/v2\/pages\/2592","targetHints":{"allow":["GET"]}}],"collection":[{"href":"https:\/\/grandmotors.ca\/fr\/wp-json\/wp\/v2\/pages"}],"about":[{"href":"https:\/\/grandmotors.ca\/fr\/wp-json\/wp\/v2\/types\/page"}],"author":[{"embeddable":true,"href":"https:\/\/grandmotors.ca\/fr\/wp-json\/wp\/v2\/users\/1"}],"replies":[{"embeddable":true,"href":"https:\/\/grandmotors.ca\/fr\/wp-json\/wp\/v2\/comments?post=2592"}],"version-history":[{"count":4,"href":"https:\/\/grandmotors.ca\/fr\/wp-json\/wp\/v2\/pages\/2592\/revisions"}],"predecessor-version":[{"id":2603,"href":"https:\/\/grandmotors.ca\/fr\/wp-json\/wp\/v2\/pages\/2592\/revisions\/2603"}],"wp:attachment":[{"href":"https:\/\/grandmotors.ca\/fr\/wp-json\/wp\/v2\/media?parent=2592"}],"curies":[{"name":"wp","href":"https:\/\/api.w.org\/{rel}","templated":true}]}}